{"id":37,"date":"2022-09-13T05:46:26","date_gmt":"2022-09-13T05:46:26","guid":{"rendered":"https:\/\/rccgmountzion.org\/?page_id=37"},"modified":"2024-09-19T14:23:46","modified_gmt":"2024-09-19T14:23:46","slug":"about","status":"publish","type":"page","link":"https:\/\/rccgmountzion.org\/vi\/about\/","title":{"rendered":"V\u1ec1"},"content":{"rendered":"<h3>Ch\u00e0o m\u1eebng \u0111\u1ebfn v\u1edbi RCCG \u2013 Gi\u00e1o x\u1ee9 Mount Zion<\/h3>\n<p><strong><em>\u0110\u1ed1i v\u1edbi nh\u1eefng ng\u01b0\u1eddi tin c\u1eady v\u00e0o CH\u00daA gi\u1ed1ng nh\u01b0 n\u00fai Si-\u00f4n, kh\u00f4ng th\u1ec3 b\u1ecb ph\u00e1 h\u1ee7y, ch\u00fang t\u1ed3n t\u1ea1i m\u00e3i m\u00e3i.<\/em><\/strong><\/p>\n<p>Ch\u00fang ta l\u00e0 nh\u1eefng ng\u01b0\u1eddi \u0111\u1eb7c bi\u1ec7t g\u1eafn b\u00f3 v\u1edbi nhau b\u1eb1ng t\u00ecnh y\u00eau. Ch\u00fang ta \u0111\u1ebfn v\u1edbi nhau trong ng\u00f4i nh\u00e0 c\u1ee7a Ch\u00faa \u0111\u1ec3 chia s\u1ebb c\u00f9ng m\u1ed9t t\u1ea7m nh\u00ecn l\u00e0 ti\u1ebfp c\u1eadn th\u1ebf gi\u1edbi b\u1eb1ng l\u1eddi c\u1ee7a Ch\u00faa. Ch\u00fang t\u00f4i hoan ngh\u00eanh b\u1ea1n tham gia c\u00f9ng ch\u00fang t\u00f4i \u0111\u1ec3 tr\u1ea3i nghi\u1ec7m s\u1ef1 th\u00e0nh t\u00edn tuy\u1ec7t v\u1eddi c\u1ee7a Ch\u00faa \u0111\u1ed1i v\u1edbi ch\u00fang t\u00f4i b\u1eb1ng nh\u1eefng b\u1eb1ng ch\u1ee9ng v\u1ec1 nh\u1eefng d\u1ea5u hi\u1ec7u v\u00e0 \u0111i\u1ec1u k\u1ef3 di\u1ec7u c\u1ee7a Ng\u00e0i. Ch\u00faa ph\u00f9 h\u1ed9 ba\u0323n.<\/p>\n<p><strong>M\u1ee5c s\u01b0 Tony Odugunwa<\/strong><br \/>\nParish Pastor<\/p>","protected":false},"excerpt":{"rendered":"<p>Welcome to RCCG \u2013 Mount Zion Parish To those who are trusting in the LORD are like Mount Zion, which cannot be overthrown, they remain forever. We are peculiar people [&hellip;]<\/p>","protected":false},"author":1,"featured_media":954,"parent":0,"menu_order":0,"comment_status":"closed","ping_status":"closed","template":"template-about.php","meta":{"footnotes":""},"class_list":["post-37","page","type-page","status-publish","has-post-thumbnail","hentry"],"acf":[],"_links":{"self":[{"href":"https:\/\/rccgmountzion.org\/vi\/wp-json\/wp\/v2\/pages\/37","targetHints":{"allow":["GET"]}}],"collection":[{"href":"https:\/\/rccgmountzion.org\/vi\/wp-json\/wp\/v2\/pages"}],"about":[{"href":"https:\/\/rccgmountzion.org\/vi\/wp-json\/wp\/v2\/types\/page"}],"author":[{"embeddable":true,"href":"https:\/\/rccgmountzion.org\/vi\/wp-json\/wp\/v2\/users\/1"}],"replies":[{"embeddable":true,"href":"https:\/\/rccgmountzion.org\/vi\/wp-json\/wp\/v2\/comments?post=37"}],"version-history":[{"count":20,"href":"https:\/\/rccgmountzion.org\/vi\/wp-json\/wp\/v2\/pages\/37\/revisions"}],"predecessor-version":[{"id":1404,"href":"https:\/\/rccgmountzion.org\/vi\/wp-json\/wp\/v2\/pages\/37\/revisions\/1404"}],"wp:featuredmedia":[{"embeddable":true,"href":"https:\/\/rccgmountzion.org\/vi\/wp-json\/wp\/v2\/media\/954"}],"wp:attachment":[{"href":"https:\/\/rccgmountzion.org\/vi\/wp-json\/wp\/v2\/media?parent=37"}],"curies":[{"name":"wp","href":"https:\/\/api.w.org\/{rel}","templated":true}]}}