{"id":14,"date":"2022-09-09T13:51:21","date_gmt":"2022-09-09T13:51:21","guid":{"rendered":"https:\/\/rccgmountzion.org\/?page_id=14"},"modified":"2024-09-19T14:26:48","modified_gmt":"2024-09-19T14:26:48","slug":"men-of-valor","status":"publish","type":"page","link":"https:\/\/rccgmountzion.org\/vi\/men-of-valor\/","title":{"rendered":"\u0110\u00e0n \u00f4ng d\u0169ng c\u1ea3m"},"content":{"rendered":"","protected":false},"excerpt":{"rendered":"","protected":false},"author":1,"featured_media":1101,"parent":0,"menu_order":0,"comment_status":"closed","ping_status":"closed","template":"template-men-of-valor.php","meta":{"footnotes":""},"class_list":["post-14","page","type-page","status-publish","has-post-thumbnail","hentry"],"acf":[],"_links":{"self":[{"href":"https:\/\/rccgmountzion.org\/vi\/wp-json\/wp\/v2\/pages\/14","targetHints":{"allow":["GET"]}}],"collection":[{"href":"https:\/\/rccgmountzion.org\/vi\/wp-json\/wp\/v2\/pages"}],"about":[{"href":"https:\/\/rccgmountzion.org\/vi\/wp-json\/wp\/v2\/types\/page"}],"author":[{"embeddable":true,"href":"https:\/\/rccgmountzion.org\/vi\/wp-json\/wp\/v2\/users\/1"}],"replies":[{"embeddable":true,"href":"https:\/\/rccgmountzion.org\/vi\/wp-json\/wp\/v2\/comments?post=14"}],"version-history":[{"count":20,"href":"https:\/\/rccgmountzion.org\/vi\/wp-json\/wp\/v2\/pages\/14\/revisions"}],"predecessor-version":[{"id":1407,"href":"https:\/\/rccgmountzion.org\/vi\/wp-json\/wp\/v2\/pages\/14\/revisions\/1407"}],"wp:featuredmedia":[{"embeddable":true,"href":"https:\/\/rccgmountzion.org\/vi\/wp-json\/wp\/v2\/media\/1101"}],"wp:attachment":[{"href":"https:\/\/rccgmountzion.org\/vi\/wp-json\/wp\/v2\/media?parent=14"}],"curies":[{"name":"wp","href":"https:\/\/api.w.org\/{rel}","templated":true}]}}