{"id":37,"date":"2022-09-13T05:46:26","date_gmt":"2022-09-13T05:46:26","guid":{"rendered":"https:\/\/rccgmountzion.org\/?page_id=37"},"modified":"2024-09-19T14:23:46","modified_gmt":"2024-09-19T14:23:46","slug":"about","status":"publish","type":"page","link":"https:\/\/rccgmountzion.org\/fr\/about\/","title":{"rendered":"\u00e0 propos"},"content":{"rendered":"<h3>Bienvenue au RCCG \u2013 Paroisse Mount Zion<\/h3>\n<p><strong><em>Pour ceux qui se confient en l'\u00c9ternel, ils sont comme la montagne de Sion, qui ne peut \u00eatre renvers\u00e9e, ils demeurent pour toujours.<\/em><\/strong><\/p>\n<p>Nous sommes des gens particuliers li\u00e9s par l'amour. Nous nous r\u00e9unissons dans la maison de Dieu pour partager la m\u00eame vision d'atteindre le monde avec la parole de Dieu. Nous vous invitons \u00e0 vous joindre \u00e0 nous pour exp\u00e9rimenter l'impressionnante fid\u00e9lit\u00e9 de Dieu sur nous avec des preuves de ses signes et de ses prodiges. Que Dieu te b\u00e9nisse.<\/p>\n<p><strong>Pasteur Tony Odugunwa<\/strong><br \/>\nParish Pastor<\/p>","protected":false},"excerpt":{"rendered":"<p>Welcome to RCCG \u2013 Mount Zion Parish To those who are trusting in the LORD are like Mount Zion, which cannot be overthrown, they remain forever. We are peculiar people [&hellip;]<\/p>","protected":false},"author":1,"featured_media":954,"parent":0,"menu_order":0,"comment_status":"closed","ping_status":"closed","template":"template-about.php","meta":{"footnotes":""},"class_list":["post-37","page","type-page","status-publish","has-post-thumbnail","hentry"],"acf":[],"_links":{"self":[{"href":"https:\/\/rccgmountzion.org\/fr\/wp-json\/wp\/v2\/pages\/37","targetHints":{"allow":["GET"]}}],"collection":[{"href":"https:\/\/rccgmountzion.org\/fr\/wp-json\/wp\/v2\/pages"}],"about":[{"href":"https:\/\/rccgmountzion.org\/fr\/wp-json\/wp\/v2\/types\/page"}],"author":[{"embeddable":true,"href":"https:\/\/rccgmountzion.org\/fr\/wp-json\/wp\/v2\/users\/1"}],"replies":[{"embeddable":true,"href":"https:\/\/rccgmountzion.org\/fr\/wp-json\/wp\/v2\/comments?post=37"}],"version-history":[{"count":20,"href":"https:\/\/rccgmountzion.org\/fr\/wp-json\/wp\/v2\/pages\/37\/revisions"}],"predecessor-version":[{"id":1404,"href":"https:\/\/rccgmountzion.org\/fr\/wp-json\/wp\/v2\/pages\/37\/revisions\/1404"}],"wp:featuredmedia":[{"embeddable":true,"href":"https:\/\/rccgmountzion.org\/fr\/wp-json\/wp\/v2\/media\/954"}],"wp:attachment":[{"href":"https:\/\/rccgmountzion.org\/fr\/wp-json\/wp\/v2\/media?parent=37"}],"curies":[{"name":"wp","href":"https:\/\/api.w.org\/{rel}","templated":true}]}}