{"id":37,"date":"2022-09-13T05:46:26","date_gmt":"2022-09-13T05:46:26","guid":{"rendered":"https:\/\/rccgmountzion.org\/?page_id=37"},"modified":"2024-09-19T14:23:46","modified_gmt":"2024-09-19T14:23:46","slug":"about","status":"publish","type":"page","link":"https:\/\/rccgmountzion.org\/es\/about\/","title":{"rendered":"acerca de"},"content":{"rendered":"<h3>Bienvenido a RCCG - Parroquia Mount Zion<\/h3>\n<p><strong><em>Los que conf\u00edan en el SE\u00d1OR son como el monte de Si\u00f3n, que no puede ser derribado, permanecen para siempre.<\/em><\/strong><\/p>\n<p>Somos personas peculiares unidas por el amor. Nos reunimos en la casa de Dios para compartir la misma visi\u00f3n de alcanzar al mundo con la palabra de Dios. Le invitamos a unirse a nosotros para experimentar la asombrosa fidelidad de Dios sobre nosotros con las pruebas de sus se\u00f1ales y prodigios. Dios lo bendiga.<\/p>\n<p><strong>Pastor Tony Odugunwa<\/strong><br \/>\nParish Pastor<\/p>","protected":false},"excerpt":{"rendered":"<p>Welcome to RCCG \u2013 Mount Zion Parish To those who are trusting in the LORD are like Mount Zion, which cannot be overthrown, they remain forever. We are peculiar people [&hellip;]<\/p>","protected":false},"author":1,"featured_media":954,"parent":0,"menu_order":0,"comment_status":"closed","ping_status":"closed","template":"template-about.php","meta":{"footnotes":""},"class_list":["post-37","page","type-page","status-publish","has-post-thumbnail","hentry"],"acf":[],"_links":{"self":[{"href":"https:\/\/rccgmountzion.org\/es\/wp-json\/wp\/v2\/pages\/37","targetHints":{"allow":["GET"]}}],"collection":[{"href":"https:\/\/rccgmountzion.org\/es\/wp-json\/wp\/v2\/pages"}],"about":[{"href":"https:\/\/rccgmountzion.org\/es\/wp-json\/wp\/v2\/types\/page"}],"author":[{"embeddable":true,"href":"https:\/\/rccgmountzion.org\/es\/wp-json\/wp\/v2\/users\/1"}],"replies":[{"embeddable":true,"href":"https:\/\/rccgmountzion.org\/es\/wp-json\/wp\/v2\/comments?post=37"}],"version-history":[{"count":20,"href":"https:\/\/rccgmountzion.org\/es\/wp-json\/wp\/v2\/pages\/37\/revisions"}],"predecessor-version":[{"id":1404,"href":"https:\/\/rccgmountzion.org\/es\/wp-json\/wp\/v2\/pages\/37\/revisions\/1404"}],"wp:featuredmedia":[{"embeddable":true,"href":"https:\/\/rccgmountzion.org\/es\/wp-json\/wp\/v2\/media\/954"}],"wp:attachment":[{"href":"https:\/\/rccgmountzion.org\/es\/wp-json\/wp\/v2\/media?parent=37"}],"curies":[{"name":"wp","href":"https:\/\/api.w.org\/{rel}","templated":true}]}}